{"id":18285,"date":"2017-04-26T15:07:13","date_gmt":"2017-04-26T13:07:13","guid":{"rendered":"https:\/\/silpar.com\/macchine-per-pelletteria\/verniciatura-bordi\/slp-840-2\/"},"modified":"2025-04-22T12:09:09","modified_gmt":"2025-04-22T10:09:09","slug":"tc-600-2","status":"publish","type":"page","link":"https:\/\/silpar.com\/it\/macchine-per-pelletteria\/verniciatura-bordi\/tc-600-2\/","title":{"rendered":"TC 600"},"content":{"rendered":"<div class=\"vgblk-rw-wrapper limit-wrapper\">\n<h2>\n\tCabina di Verniciatura<br \/><b>TC 600<\/b>\n\t<\/h2>\n\t<p><img loading=\"lazy\" decoding=\"async\" src=\"https:\/\/silpar.com\/wp-content\/uploads\/2019\/02\/TC600.jpg\" alt=\"\" width=\"1200\" height=\"800\" \/><\/p>\n\t<strong>Cabina di Verniciatura<\/strong><br \/>\nCabina per la verniciatura di campionature di minuteria metallica per pelletteria.\n<p>La macchina \u00e8 dotata di un sistema aspirazione e filtraggio composto di filtri paint-stop e secco di facile sostituzione.<\/p>\n<p>La piastra di lavoro \u00e8 dotata di ganci removibili per il sostegno dei pezzi con la possibilit\u00e0 di variare elettronicamente la velocit\u00e0 di rotazione da 0 a 46 g\/min. Zona lavoro illuminata.<\/p>\n<p>La macchina \u00e8 dotata di impianto emergenza antinfortunio.<\/p>\n\t\t\t<b>Dimensioni<\/b>\n\t\t<table><tbody><tr><td>Larghezza<\/td><td>cm. 85<\/td><\/tr><tr><td>Profondit\u00e0<\/td><td>cm. 120<\/td><\/tr><tr><td>Altezza<\/td><td>cm. 200<\/td><\/tr><tr><td>Peso<\/td><td>Kg. 300 c.a.<\/td><\/tr><tr><td>Aspirazione<\/td><td>m<sup>3<\/sup>\/h 3000 c.a.<\/td><\/tr><tr><td>Potenza<\/td><td>Kw 3<\/td><\/tr><\/tbody><\/table>\n<h3>\n\tProdotti correlati\n\t<\/h3>\n\n<\/div><!-- .vgblk-rw-wrapper -->","protected":false},"excerpt":{"rendered":"<p>Cabina di VerniciaturaTC 600 Cabina di Verniciatura Cabina per la verniciatura di campionature di minuteria metallica per pelletteria. La macchina \u00e8 dotata di un sistema aspirazione e filtraggio composto di filtri paint-stop e secco di facile sostituzione. La piastra di lavoro \u00e8 dotata di ganci removibili per il sostegno dei pezzi con la possibilit\u00e0 di&#8230;<\/p>\n","protected":false},"author":1,"featured_media":0,"parent":17610,"menu_order":8,"comment_status":"closed","ping_status":"closed","template":"","meta":{"inline_featured_image":false,"footnotes":""},"class_list":["post-18285","page","type-page","status-publish","hentry"],"aioseo_notices":[],"jetpack_sharing_enabled":true,"_links":{"self":[{"href":"https:\/\/silpar.com\/it\/wp-json\/wp\/v2\/pages\/18285","targetHints":{"allow":["GET"]}}],"collection":[{"href":"https:\/\/silpar.com\/it\/wp-json\/wp\/v2\/pages"}],"about":[{"href":"https:\/\/silpar.com\/it\/wp-json\/wp\/v2\/types\/page"}],"author":[{"embeddable":true,"href":"https:\/\/silpar.com\/it\/wp-json\/wp\/v2\/users\/1"}],"replies":[{"embeddable":true,"href":"https:\/\/silpar.com\/it\/wp-json\/wp\/v2\/comments?post=18285"}],"version-history":[{"count":9,"href":"https:\/\/silpar.com\/it\/wp-json\/wp\/v2\/pages\/18285\/revisions"}],"predecessor-version":[{"id":25914,"href":"https:\/\/silpar.com\/it\/wp-json\/wp\/v2\/pages\/18285\/revisions\/25914"}],"up":[{"embeddable":true,"href":"https:\/\/silpar.com\/it\/wp-json\/wp\/v2\/pages\/17610"}],"wp:attachment":[{"href":"https:\/\/silpar.com\/it\/wp-json\/wp\/v2\/media?parent=18285"}],"curies":[{"name":"wp","href":"https:\/\/api.w.org\/{rel}","templated":true}]}}