{"id":18268,"date":"2017-04-26T15:07:13","date_gmt":"2017-04-26T13:07:13","guid":{"rendered":"https:\/\/silpar.com\/macchine-per-pelletteria\/verniciatura-bordi\/miro-xl-c-g-2\/"},"modified":"2025-04-22T12:08:40","modified_gmt":"2025-04-22T10:08:40","slug":"slp-840-2","status":"publish","type":"page","link":"https:\/\/silpar.com\/it\/macchine-per-pelletteria\/verniciatura-bordi\/slp-840-2\/","title":{"rendered":"SLP 840"},"content":{"rendered":"<div class=\"vgblk-rw-wrapper limit-wrapper\">\n<h2>\n\tTavolo di Pittura<br \/><b>SLP 840<\/b>\n\t<\/h2>\n\t<p><img loading=\"lazy\" decoding=\"async\" src=\"https:\/\/silpar.com\/wp-content\/uploads\/2019\/02\/SLP840.jpg\" alt=\"\" width=\"1200\" height=\"800\" \/><\/p>\n\t<strong>Tavolo di Pittura<\/strong><br \/>\nTavolo per la colorazione a pennello o ad aerografo del bordo di parti di pelletteria (borse, portafogli ecc.) con profili molto irregolari. Permette di colorare i bordi di pi\u00f9 pezzi contemporaneamente senza sbavature di colore.\n<p>La macchina pu\u00f2 essere dotata di uno o pi\u00f9 aerografi a richiesta del cliente.<\/p>\n<p>Dotata di impianto emergenza antinfortunio, corredo d&#8217;uso e manuale d&#8217;istruzioni.<\/p>\n\t\t\t<b>Misure Ingombro<\/b>\n\t\t<table><tbody><tr><td>Altezza<\/td><td>cm. 205<\/td><\/tr><tr><td>Larghezza<\/td><td>cm. 130<\/td><\/tr><tr><td>Profondit\u00e0<\/td><td>cm. 160<\/td><\/tr><tr><td>Peso<\/td><td>Kg. 500<\/td><\/tr><\/tbody><\/table>\n<h3>\n\tProdotti correlati\n\t<\/h3>\n\n<\/div><!-- .vgblk-rw-wrapper -->","protected":false},"excerpt":{"rendered":"<p>Tavolo di PitturaSLP 840 Tavolo di Pittura Tavolo per la colorazione a pennello o ad aerografo del bordo di parti di pelletteria (borse, portafogli ecc.) con profili molto irregolari. Permette di colorare i bordi di pi\u00f9 pezzi contemporaneamente senza sbavature di colore. La macchina pu\u00f2 essere dotata di uno o pi\u00f9 aerografi a richiesta del&#8230;<\/p>\n","protected":false},"author":1,"featured_media":0,"parent":17610,"menu_order":7,"comment_status":"closed","ping_status":"closed","template":"","meta":{"inline_featured_image":false,"footnotes":""},"class_list":["post-18268","page","type-page","status-publish","hentry"],"aioseo_notices":[],"jetpack_sharing_enabled":true,"_links":{"self":[{"href":"https:\/\/silpar.com\/it\/wp-json\/wp\/v2\/pages\/18268","targetHints":{"allow":["GET"]}}],"collection":[{"href":"https:\/\/silpar.com\/it\/wp-json\/wp\/v2\/pages"}],"about":[{"href":"https:\/\/silpar.com\/it\/wp-json\/wp\/v2\/types\/page"}],"author":[{"embeddable":true,"href":"https:\/\/silpar.com\/it\/wp-json\/wp\/v2\/users\/1"}],"replies":[{"embeddable":true,"href":"https:\/\/silpar.com\/it\/wp-json\/wp\/v2\/comments?post=18268"}],"version-history":[{"count":8,"href":"https:\/\/silpar.com\/it\/wp-json\/wp\/v2\/pages\/18268\/revisions"}],"predecessor-version":[{"id":25913,"href":"https:\/\/silpar.com\/it\/wp-json\/wp\/v2\/pages\/18268\/revisions\/25913"}],"up":[{"embeddable":true,"href":"https:\/\/silpar.com\/it\/wp-json\/wp\/v2\/pages\/17610"}],"wp:attachment":[{"href":"https:\/\/silpar.com\/it\/wp-json\/wp\/v2\/media?parent=18268"}],"curies":[{"name":"wp","href":"https:\/\/api.w.org\/{rel}","templated":true}]}}