{"id":18260,"date":"2017-04-26T15:07:13","date_gmt":"2017-04-26T13:07:13","guid":{"rendered":"https:\/\/silpar.com\/macchine-per-pelletteria\/verniciatura-bordi\/frb-1600-2\/"},"modified":"2025-04-22T12:06:04","modified_gmt":"2025-04-22T10:06:04","slug":"miro-miro-xl-2","status":"publish","type":"page","link":"https:\/\/silpar.com\/it\/macchine-per-pelletteria\/verniciatura-bordi\/miro-miro-xl-2\/","title":{"rendered":"MIR\u00d2 &#8211; MIR\u00d2 XL"},"content":{"rendered":"<div class=\"vgblk-rw-wrapper limit-wrapper\">\n<h2>\n\tStazione di Verniciatura<br \/><b>MIR\u00d2 &#8211; MIR\u00d2 XL<\/b>\n\t<\/h2>\n\t<p><strong>Questo modello di macchina pu\u00f2 usufruire dei benefici fiscali italiani &#8220;Industria 4.0&#8221;<\/strong><\/p>\n\t<p><img loading=\"lazy\" decoding=\"async\" src=\"https:\/\/silpar.com\/wp-content\/uploads\/2019\/02\/Miro.jpg\" alt=\"\" width=\"1200\" height=\"800\" \/><\/p>\n\t<strong>Stazione di Verniciatura<\/strong><br \/>\nStazione per colorazione con aerografo dei bordi di parti pelletteria con profili irregolari con vernici a base d&#8217;acqua.\n<p>Sistema pressante con rotazione a 360\u00b0 manuale per una colorazione omogenea e senza sbavature. Dotata di n\u00b0 1 o pi\u00f9 aerografo.<\/p>\n<p>Impianto emergenza antinfortunio.<\/p>\n\t\t\t<b>Misure Ingombro<\/b>\n\t\t<table><tbody><tr><td>Mir\u00f2:<\/td><td>84 cm x 70 cm H. 39 cm<\/td><\/tr><tr><td>Mir\u00f2 XL:<\/td><td>84 cm x 70 cm H. 58 cm<\/td><\/tr><\/tbody><\/table>\n<h3>\n\tProdotti correlati\n\t<\/h3>\n\n<\/div><!-- .vgblk-rw-wrapper -->","protected":false},"excerpt":{"rendered":"<p>Stazione di VerniciaturaMIR\u00d2 &#8211; MIR\u00d2 XL Questo modello di macchina pu\u00f2 usufruire dei benefici fiscali italiani &#8220;Industria 4.0&#8221; Stazione di Verniciatura Stazione per colorazione con aerografo dei bordi di parti pelletteria con profili irregolari con vernici a base d&#8217;acqua. Sistema pressante con rotazione a 360\u00b0 manuale per una colorazione omogenea e senza sbavature. Dotata di&#8230;<\/p>\n","protected":false},"author":1,"featured_media":0,"parent":17610,"menu_order":4,"comment_status":"closed","ping_status":"closed","template":"","meta":{"inline_featured_image":false,"footnotes":""},"class_list":["post-18260","page","type-page","status-publish","hentry"],"aioseo_notices":[],"jetpack_sharing_enabled":true,"_links":{"self":[{"href":"https:\/\/silpar.com\/it\/wp-json\/wp\/v2\/pages\/18260","targetHints":{"allow":["GET"]}}],"collection":[{"href":"https:\/\/silpar.com\/it\/wp-json\/wp\/v2\/pages"}],"about":[{"href":"https:\/\/silpar.com\/it\/wp-json\/wp\/v2\/types\/page"}],"author":[{"embeddable":true,"href":"https:\/\/silpar.com\/it\/wp-json\/wp\/v2\/users\/1"}],"replies":[{"embeddable":true,"href":"https:\/\/silpar.com\/it\/wp-json\/wp\/v2\/comments?post=18260"}],"version-history":[{"count":14,"href":"https:\/\/silpar.com\/it\/wp-json\/wp\/v2\/pages\/18260\/revisions"}],"predecessor-version":[{"id":25910,"href":"https:\/\/silpar.com\/it\/wp-json\/wp\/v2\/pages\/18260\/revisions\/25910"}],"up":[{"embeddable":true,"href":"https:\/\/silpar.com\/it\/wp-json\/wp\/v2\/pages\/17610"}],"wp:attachment":[{"href":"https:\/\/silpar.com\/it\/wp-json\/wp\/v2\/media?parent=18260"}],"curies":[{"name":"wp","href":"https:\/\/api.w.org\/{rel}","templated":true}]}}