{"id":18020,"date":"2017-04-26T15:07:13","date_gmt":"2017-04-26T13:07:13","guid":{"rendered":"https:\/\/silpar.com\/?page_id=18020"},"modified":"2025-04-22T10:34:17","modified_gmt":"2025-04-22T08:34:17","slug":"gb-14","status":"publish","type":"page","link":"https:\/\/silpar.com\/it\/macchine-per-calzaturifici-e-suolifici\/spazzolatrici-e-pomicini\/gb-14\/","title":{"rendered":"GB 14"},"content":{"rendered":"<div class=\"vgblk-rw-wrapper limit-wrapper\">\n<h2>\n\tSpazzolatrice \/ Cardatrice da Banco<br \/><b>GB 14<\/b>\n\t<\/h2>\n\t<p><img loading=\"lazy\" decoding=\"async\" src=\"https:\/\/silpar.com\/wp-content\/uploads\/2019\/02\/GB14_silpar_03_2025.jpg\" alt=\"\" width=\"1200\" height=\"800\" \/><\/p>\n\t<p>Spazzolatrice\/cardatrice da banco per la cardatura e lucidatura di piccoli pezzi di pelletteria.<\/p>\n<p>La macchina \u00e8 fornita di un motore autofrenante ed una velocit\u00e0 variabile da 450 a 2800 rpm.<\/p>\n<p>Possibilit\u00e0 di avere l&#8217;alimentazione sia trifase che monofase per poter essere usata in piccoli laboratori o negozi.<\/p>\n<p>Impianto emergenza antinfortunio, corredo d&#8217;uso e manuale d&#8217;istruzioni.<\/p>\n\t\t\t<b>Caratteristiche Tecniche<\/b>\n\t\t<table><tbody><tr><td>Potenza motore<\/td><td>2 HP<\/td><\/tr><tr><td>Velocit\u00e0 (giri)<\/td><td>da 450 a 2800 g\/min<\/td><\/tr><tr><td>Peso<\/td><td>Kg. 42<\/td><\/tr><\/tbody><\/table>\n<h3>\n\tProdotti correlati\n\t<\/h3>\n\n<\/div><!-- .vgblk-rw-wrapper -->","protected":false},"excerpt":{"rendered":"<p>Spazzolatrice \/ Cardatrice da BancoGB 14 Spazzolatrice\/cardatrice da banco per la cardatura e lucidatura di piccoli pezzi di pelletteria. La macchina \u00e8 fornita di un motore autofrenante ed una velocit\u00e0 variabile da 450 a 2800 rpm. Possibilit\u00e0 di avere l&#8217;alimentazione sia trifase che monofase per poter essere usata in piccoli laboratori o negozi. Impianto emergenza&#8230;<\/p>\n","protected":false},"author":1,"featured_media":0,"parent":17532,"menu_order":6,"comment_status":"closed","ping_status":"closed","template":"","meta":{"inline_featured_image":false,"footnotes":""},"class_list":["post-18020","page","type-page","status-publish","hentry"],"aioseo_notices":[],"jetpack_sharing_enabled":true,"_links":{"self":[{"href":"https:\/\/silpar.com\/it\/wp-json\/wp\/v2\/pages\/18020","targetHints":{"allow":["GET"]}}],"collection":[{"href":"https:\/\/silpar.com\/it\/wp-json\/wp\/v2\/pages"}],"about":[{"href":"https:\/\/silpar.com\/it\/wp-json\/wp\/v2\/types\/page"}],"author":[{"embeddable":true,"href":"https:\/\/silpar.com\/it\/wp-json\/wp\/v2\/users\/1"}],"replies":[{"embeddable":true,"href":"https:\/\/silpar.com\/it\/wp-json\/wp\/v2\/comments?post=18020"}],"version-history":[{"count":11,"href":"https:\/\/silpar.com\/it\/wp-json\/wp\/v2\/pages\/18020\/revisions"}],"predecessor-version":[{"id":25882,"href":"https:\/\/silpar.com\/it\/wp-json\/wp\/v2\/pages\/18020\/revisions\/25882"}],"up":[{"embeddable":true,"href":"https:\/\/silpar.com\/it\/wp-json\/wp\/v2\/pages\/17532"}],"wp:attachment":[{"href":"https:\/\/silpar.com\/it\/wp-json\/wp\/v2\/media?parent=18020"}],"curies":[{"name":"wp","href":"https:\/\/api.w.org\/{rel}","templated":true}]}}