{"id":17971,"date":"2017-04-26T15:07:13","date_gmt":"2017-04-26T13:07:13","guid":{"rendered":"https:\/\/silpar.com\/?page_id=17971"},"modified":"2025-04-16T14:50:41","modified_gmt":"2025-04-16T12:50:41","slug":"s-36","status":"publish","type":"page","link":"https:\/\/silpar.com\/it\/macchine-per-calzaturifici-e-suolifici\/smerigliatrici-a-tampone-e-a-nastro\/s-36\/","title":{"rendered":"S 36"},"content":{"rendered":"<div class=\"vgblk-rw-wrapper limit-wrapper\">\n<h2>\n\tSmerigliatrice a Nastro<br \/>a 1 o 2 Motori Indipendenti<br \/><b>S 36<\/b>\n\t<\/h2>\n\t<p><img loading=\"lazy\" decoding=\"async\" src=\"https:\/\/silpar.com\/wp-content\/uploads\/2024\/02\/S_36_new.jpg\" alt=\"\" width=\"1200\" height=\"800\" \/><\/p>\n\t<strong>Smerigliatrice a nastro a uno o due motori indipendenti Mod. S 36<\/strong><br \/>\nA due postazioni di lavoro con velocit\u00e0 regolabile da 450 a 4500 g\/min, potenza motore hp 3 (versione doppio motore hp 3 + hp 3) con tensionamento pneumatico dei nastri e sistema cilindri a 3 steli.\n<p>Possibilit\u00e0 di usare nastri da 35 mm a 100 mm di larghezza, sviluppo nastro mm 1440.<\/p>\n<p>Protezione in policarbonato Lexan infrangibile posti operatore, illuminazione posti di lavoro.<\/p>\n<p>Impianto emergenza antinfortunio, corredo d&#8217;uso e manuale d&#8217;istruzioni.<\/p>\n&#8211; VERSIONE 1) CON 1 SOLO MOTORE + INVERTER*<br \/>\n&#8211; VERSIONE 2) CON 2 MOTORI + 2 INVERTER*\n<p>* Nelle versioni con inverter la velocit\u00e0 variabile dei motori \u00e8 regolabile da 450 a 4500 giri con display digitale fronte quadro per visualizzare la velocit\u00e0 motore<\/p>\nOptional:<br \/>\nAspiratore collettore polvere hp 2 con doppio sacco tela certificato ignifugo doppio Mod. A22\n\t\t\t<b>Dati Tecnici<\/b>\n\t\t<table>\n<tbody>\n<tr>\n<td>Potenza motore<\/td>\n<td>3 HP<\/td>\n<\/tr>\n<tr>\n<td>Dimensioni<\/td>\n<td>cm. 100x76x170<\/td>\n<\/tr>\n<tr>\n<td>Peso<\/td>\n<td>Kg. 300<\/td>\n<\/tr>\n<\/tbody>\n<\/table>\n<h3>\n\tProdotti correlati\n\t<\/h3>\n\n<\/div><!-- .vgblk-rw-wrapper -->","protected":false},"excerpt":{"rendered":"<p>Smerigliatrice a Nastroa 1 o 2 Motori IndipendentiS 36 Smerigliatrice a nastro a uno o due motori indipendenti Mod. S 36 A due postazioni di lavoro con velocit\u00e0 regolabile da 450 a 4500 g\/min, potenza motore hp 3 (versione doppio motore hp 3 + hp 3) con tensionamento pneumatico dei nastri e sistema cilindri a&#8230;<\/p>\n","protected":false},"author":1,"featured_media":0,"parent":17434,"menu_order":10,"comment_status":"closed","ping_status":"closed","template":"","meta":{"inline_featured_image":false,"footnotes":""},"class_list":["post-17971","page","type-page","status-publish","hentry"],"aioseo_notices":[],"jetpack_sharing_enabled":true,"_links":{"self":[{"href":"https:\/\/silpar.com\/it\/wp-json\/wp\/v2\/pages\/17971","targetHints":{"allow":["GET"]}}],"collection":[{"href":"https:\/\/silpar.com\/it\/wp-json\/wp\/v2\/pages"}],"about":[{"href":"https:\/\/silpar.com\/it\/wp-json\/wp\/v2\/types\/page"}],"author":[{"embeddable":true,"href":"https:\/\/silpar.com\/it\/wp-json\/wp\/v2\/users\/1"}],"replies":[{"embeddable":true,"href":"https:\/\/silpar.com\/it\/wp-json\/wp\/v2\/comments?post=17971"}],"version-history":[{"count":10,"href":"https:\/\/silpar.com\/it\/wp-json\/wp\/v2\/pages\/17971\/revisions"}],"predecessor-version":[{"id":25869,"href":"https:\/\/silpar.com\/it\/wp-json\/wp\/v2\/pages\/17971\/revisions\/25869"}],"up":[{"embeddable":true,"href":"https:\/\/silpar.com\/it\/wp-json\/wp\/v2\/pages\/17434"}],"wp:attachment":[{"href":"https:\/\/silpar.com\/it\/wp-json\/wp\/v2\/media?parent=17971"}],"curies":[{"name":"wp","href":"https:\/\/api.w.org\/{rel}","templated":true}]}}