{"id":16979,"date":"2017-07-31T12:54:58","date_gmt":"2017-07-31T10:54:58","guid":{"rendered":"https:\/\/silpar.com\/?page_id=16979"},"modified":"2022-07-15T11:17:30","modified_gmt":"2022-07-15T09:17:30","slug":"azienda","status":"publish","type":"page","link":"https:\/\/silpar.com\/it\/azienda\/","title":{"rendered":"Azienda"},"content":{"rendered":"<div class=\"vgblk-rw-wrapper limit-wrapper\">\n\n\t\t\t\t<a href=\"https:\/\/silpar.com\/it\/silpar_6\/\" target=\"_self\" itemprop=\"url\" title=\"silpar_6\" rel=\"noopener\">\n\t\t\t\t\t\t\t<img decoding=\"async\" loading=\"lazy\" width=\"1200\" height=\"800\" src=\"https:\/\/silpar.com\/wp-content\/uploads\/2019\/02\/silpar_6.jpg\" alt=\"silpar_6\" itemprop=\"image\" data-link-type=\"page\" title=\"silpar_6\" onerror=\"this.style.display='none'\"  sizes=\"auto, (max-width: 768px) 100vw, 100vw\" srcset=\"data:image\/svg+xml;utf8,&lt;svg%20xmlns=&quot;http:\/\/www.w3.org\/2000\/svg&quot;%20viewBox=&quot;0%200%201200%20800&quot;%20height=&quot;800px&quot;%20width=&quot;1200px&quot;\/&gt;\" data-srcset=\"https:\/\/i0.wp.com\/www.silpar.com\/wp-content\/uploads\/2019\/02\/silpar_6.jpg?w=1200&amp;ssl=1 1200w, https:\/\/i0.wp.com\/www.silpar.com\/wp-content\/uploads\/2019\/02\/silpar_6.jpg?resize=300%2C200&amp;ssl=1 300w, https:\/\/i0.wp.com\/www.silpar.com\/wp-content\/uploads\/2019\/02\/silpar_6.jpg?resize=768%2C512&amp;ssl=1 768w, https:\/\/i0.wp.com\/www.silpar.com\/wp-content\/uploads\/2019\/02\/silpar_6.jpg?resize=1024%2C683&amp;ssl=1 1024w, https:\/\/i0.wp.com\/www.silpar.com\/wp-content\/uploads\/2019\/02\/silpar_6.jpg?resize=630%2C420&amp;ssl=1 630w, https:\/\/i0.wp.com\/www.silpar.com\/wp-content\/uploads\/2019\/02\/silpar_6.jpg?resize=420%2C280&amp;ssl=1 420w, https:\/\/i0.wp.com\/www.silpar.com\/wp-content\/uploads\/2019\/02\/silpar_6.jpg?resize=840%2C560&amp;ssl=1 840w, https:\/\/i0.wp.com\/www.silpar.com\/wp-content\/uploads\/2019\/02\/silpar_6.jpg?resize=315%2C210&amp;ssl=1 315w\" \/>\t\t\t\t\t\t<\/a>\n<h3>\n\tL&#8217;Inizio\n\t<\/h3>\n\t<p>E&#8217; nel secondo dopoguerra che ha inizio, in Vigevano, l&#8217;attivit\u00e0 dell&#8217;azienda produttrice di macchine per l&#8217;industria calzaturiera SILPAR. Nascono cos\u00ec le prime fresatrici per la lavorazione delle scarpe.<\/p>\n\t\t\t\t<a href=\"https:\/\/silpar.com\/it\/silpar_4\/\" target=\"_self\" itemprop=\"url\" title=\"silpar_4\" rel=\"noopener\">\n\t\t\t\t\t\t\t<img decoding=\"async\" loading=\"lazy\" width=\"1200\" height=\"800\" src=\"https:\/\/silpar.com\/wp-content\/uploads\/2019\/02\/silpar_4.jpg\" alt=\"silpar_4\" itemprop=\"image\" data-link-type=\"page\" title=\"silpar_4\" onerror=\"this.style.display='none'\"  sizes=\"auto, (max-width: 768px) 100vw, 100vw\" srcset=\"data:image\/svg+xml;utf8,&lt;svg%20xmlns=&quot;http:\/\/www.w3.org\/2000\/svg&quot;%20viewBox=&quot;0%200%201200%20800&quot;%20height=&quot;800px&quot;%20width=&quot;1200px&quot;\/&gt;\" data-srcset=\"https:\/\/i0.wp.com\/www.silpar.com\/wp-content\/uploads\/2019\/02\/silpar_4.jpg?w=1200&amp;ssl=1 1200w, https:\/\/i0.wp.com\/www.silpar.com\/wp-content\/uploads\/2019\/02\/silpar_4.jpg?resize=300%2C200&amp;ssl=1 300w, https:\/\/i0.wp.com\/www.silpar.com\/wp-content\/uploads\/2019\/02\/silpar_4.jpg?resize=768%2C512&amp;ssl=1 768w, https:\/\/i0.wp.com\/www.silpar.com\/wp-content\/uploads\/2019\/02\/silpar_4.jpg?resize=1024%2C683&amp;ssl=1 1024w, https:\/\/i0.wp.com\/www.silpar.com\/wp-content\/uploads\/2019\/02\/silpar_4.jpg?resize=630%2C420&amp;ssl=1 630w, https:\/\/i0.wp.com\/www.silpar.com\/wp-content\/uploads\/2019\/02\/silpar_4.jpg?resize=420%2C280&amp;ssl=1 420w, https:\/\/i0.wp.com\/www.silpar.com\/wp-content\/uploads\/2019\/02\/silpar_4.jpg?resize=840%2C560&amp;ssl=1 840w, https:\/\/i0.wp.com\/www.silpar.com\/wp-content\/uploads\/2019\/02\/silpar_4.jpg?resize=315%2C210&amp;ssl=1 315w\" \/>\t\t\t\t\t\t<\/a>\n<h3>\n\tIl Contesto Storico\n\t<\/h3>\n\t<p>Il mercato calzaturiero, in particolare quello nazionale, diventa sempre pi\u00f9 esigente, tanto che l&#8217;industria calzaturiera inizia a sentire la necessit\u00e0 di macchine con particolari caratteristiche.<\/p>\n<h3>\n\tIl Primo Brevetto\n\t<\/h3>\n\t<p>Si deve all&#8217;abilit\u00e0 meccanica del signor Felice Rossi lo studio, lo sviluppo, la realizzazione, ed in seguito il brevetto, di una nuova e innovativa fresatrice per scarpe.<\/p>\n\t\t\t\t<a href=\"https:\/\/silpar.com\/it\/silpar_1\/\" target=\"_self\" itemprop=\"url\" title=\"silpar_1\" rel=\"noopener\">\n\t\t\t\t\t\t\t<img decoding=\"async\" loading=\"lazy\" width=\"1200\" height=\"800\" src=\"https:\/\/silpar.com\/wp-content\/uploads\/2019\/02\/silpar_1.jpg\" alt=\"silpar_1\" itemprop=\"image\" data-link-type=\"page\" title=\"silpar_1\" onerror=\"this.style.display='none'\"  sizes=\"auto, (max-width: 768px) 100vw, 100vw\" srcset=\"data:image\/svg+xml;utf8,&lt;svg%20xmlns=&quot;http:\/\/www.w3.org\/2000\/svg&quot;%20viewBox=&quot;0%200%201200%20800&quot;%20height=&quot;800px&quot;%20width=&quot;1200px&quot;\/&gt;\" data-srcset=\"https:\/\/i0.wp.com\/www.silpar.com\/wp-content\/uploads\/2019\/02\/silpar_1.jpg?w=1200&amp;ssl=1 1200w, https:\/\/i0.wp.com\/www.silpar.com\/wp-content\/uploads\/2019\/02\/silpar_1.jpg?resize=300%2C200&amp;ssl=1 300w, https:\/\/i0.wp.com\/www.silpar.com\/wp-content\/uploads\/2019\/02\/silpar_1.jpg?resize=768%2C512&amp;ssl=1 768w, https:\/\/i0.wp.com\/www.silpar.com\/wp-content\/uploads\/2019\/02\/silpar_1.jpg?resize=1024%2C683&amp;ssl=1 1024w, https:\/\/i0.wp.com\/www.silpar.com\/wp-content\/uploads\/2019\/02\/silpar_1.jpg?resize=630%2C420&amp;ssl=1 630w, https:\/\/i0.wp.com\/www.silpar.com\/wp-content\/uploads\/2019\/02\/silpar_1.jpg?resize=420%2C280&amp;ssl=1 420w, https:\/\/i0.wp.com\/www.silpar.com\/wp-content\/uploads\/2019\/02\/silpar_1.jpg?resize=840%2C560&amp;ssl=1 840w, https:\/\/i0.wp.com\/www.silpar.com\/wp-content\/uploads\/2019\/02\/silpar_1.jpg?resize=315%2C210&amp;ssl=1 315w\" \/>\t\t\t\t\t\t<\/a>\n<h3>\n\tLa Leadership\n\t<\/h3>\n\t<p>L&#8217;innovativa fresa,\u00a0semplice d&#8217;uso e soprattutto molto veloce, riscuote grande successo anche presso l&#8217;industria calzaturiera estera e vengono infatti prodotte macchine per tutto il mondo.<\/p>\n\t\t\t\t\t\t\t<img decoding=\"async\" loading=\"lazy\" src=\"https:\/\/silpar.com\/wp-content\/uploads\/2019\/02\/STNova.jpg\" alt=\"ST Nova\" itemprop=\"image\" height=\"800\" width=\"1200\" title=\"ST Nova\" onerror=\"this.style.display='none'\"  sizes=\"auto, (max-width: 768px) 100vw, 100vw\" srcset=\"data:image\/svg+xml;utf8,&lt;svg%20xmlns=&quot;http:\/\/www.w3.org\/2000\/svg&quot;%20viewBox=&quot;0%200%201200%20800&quot;%20height=&quot;800px&quot;%20width=&quot;1200px&quot;\/&gt;\" data-srcset=\"https:\/\/i0.wp.com\/www.silpar.com\/wp-content\/uploads\/2019\/02\/STNova.jpg?w=1200&amp;ssl=1 1200w, https:\/\/i0.wp.com\/www.silpar.com\/wp-content\/uploads\/2019\/02\/STNova.jpg?resize=300%2C200&amp;ssl=1 300w, https:\/\/i0.wp.com\/www.silpar.com\/wp-content\/uploads\/2019\/02\/STNova.jpg?resize=768%2C512&amp;ssl=1 768w, https:\/\/i0.wp.com\/www.silpar.com\/wp-content\/uploads\/2019\/02\/STNova.jpg?resize=1024%2C683&amp;ssl=1 1024w, https:\/\/i0.wp.com\/www.silpar.com\/wp-content\/uploads\/2019\/02\/STNova.jpg?resize=630%2C420&amp;ssl=1 630w, https:\/\/i0.wp.com\/www.silpar.com\/wp-content\/uploads\/2019\/02\/STNova.jpg?resize=420%2C280&amp;ssl=1 420w, https:\/\/i0.wp.com\/www.silpar.com\/wp-content\/uploads\/2019\/02\/STNova.jpg?resize=840%2C560&amp;ssl=1 840w, https:\/\/i0.wp.com\/www.silpar.com\/wp-content\/uploads\/2019\/02\/STNova.jpg?resize=315%2C210&amp;ssl=1 315w\" \/>\t\t\t\t\t\t\t\n\t\t\t\t\t\t\t<img decoding=\"async\" loading=\"lazy\" src=\"https:\/\/silpar.com\/wp-content\/uploads\/2022\/07\/strategia_2.jpg\" alt=\"strategia_2\" itemprop=\"image\" height=\"800\" width=\"1200\" title=\"strategia_2\" onerror=\"this.style.display='none'\"  sizes=\"auto, (max-width: 768px) 100vw, 100vw\" srcset=\"data:image\/svg+xml;utf8,&lt;svg%20xmlns=&quot;http:\/\/www.w3.org\/2000\/svg&quot;%20viewBox=&quot;0%200%201200%20800&quot;%20height=&quot;800px&quot;%20width=&quot;1200px&quot;\/&gt;\" data-srcset=\"https:\/\/i0.wp.com\/www.silpar.com\/wp-content\/uploads\/2022\/07\/strategia_2.jpg?w=1200&amp;ssl=1 1200w, https:\/\/i0.wp.com\/www.silpar.com\/wp-content\/uploads\/2022\/07\/strategia_2.jpg?resize=300%2C200&amp;ssl=1 300w, https:\/\/i0.wp.com\/www.silpar.com\/wp-content\/uploads\/2022\/07\/strategia_2.jpg?resize=1024%2C683&amp;ssl=1 1024w, https:\/\/i0.wp.com\/www.silpar.com\/wp-content\/uploads\/2022\/07\/strategia_2.jpg?resize=630%2C420&amp;ssl=1 630w, https:\/\/i0.wp.com\/www.silpar.com\/wp-content\/uploads\/2022\/07\/strategia_2.jpg?resize=420%2C280&amp;ssl=1 420w, https:\/\/i0.wp.com\/www.silpar.com\/wp-content\/uploads\/2022\/07\/strategia_2.jpg?resize=840%2C560&amp;ssl=1 840w, https:\/\/i0.wp.com\/www.silpar.com\/wp-content\/uploads\/2022\/07\/strategia_2.jpg?resize=315%2C210&amp;ssl=1 315w\" \/>\t\t\t\t\t\t\t\n<h3>\n\tLa Strategia\n\t<\/h3>\n\t<p>A questa prima fresatrice vengono in seguito affiancati altri modelli di macchine per la lavorazione della calzatura, anch&#8217;essi commercializzati a livello mondiale.<\/p>\n\t\t\t\t\t\t\t<img decoding=\"async\" loading=\"lazy\" src=\"https:\/\/silpar.com\/wp-content\/uploads\/2022\/07\/ampliamento_2.jpg\" alt=\"ampliamento_2\" itemprop=\"image\" height=\"800\" width=\"1200\" title=\"ampliamento_2\" onerror=\"this.style.display='none'\"  sizes=\"auto, (max-width: 768px) 100vw, 100vw\" srcset=\"data:image\/svg+xml;utf8,&lt;svg%20xmlns=&quot;http:\/\/www.w3.org\/2000\/svg&quot;%20viewBox=&quot;0%200%201200%20800&quot;%20height=&quot;800px&quot;%20width=&quot;1200px&quot;\/&gt;\" data-srcset=\"https:\/\/i0.wp.com\/www.silpar.com\/wp-content\/uploads\/2022\/07\/ampliamento_2.jpg?w=1200&amp;ssl=1 1200w, https:\/\/i0.wp.com\/www.silpar.com\/wp-content\/uploads\/2022\/07\/ampliamento_2.jpg?resize=300%2C200&amp;ssl=1 300w, https:\/\/i0.wp.com\/www.silpar.com\/wp-content\/uploads\/2022\/07\/ampliamento_2.jpg?resize=1024%2C683&amp;ssl=1 1024w, https:\/\/i0.wp.com\/www.silpar.com\/wp-content\/uploads\/2022\/07\/ampliamento_2.jpg?resize=630%2C420&amp;ssl=1 630w, https:\/\/i0.wp.com\/www.silpar.com\/wp-content\/uploads\/2022\/07\/ampliamento_2.jpg?resize=420%2C280&amp;ssl=1 420w, https:\/\/i0.wp.com\/www.silpar.com\/wp-content\/uploads\/2022\/07\/ampliamento_2.jpg?resize=840%2C560&amp;ssl=1 840w, https:\/\/i0.wp.com\/www.silpar.com\/wp-content\/uploads\/2022\/07\/ampliamento_2.jpg?resize=315%2C210&amp;ssl=1 315w\" \/>\t\t\t\t\t\t\t\n<h3>\n\tL&#8217;Ampliamento\n\t<\/h3>\n\t<p>Nasce cos\u00ec l&#8217;esigenza di nuovi spazi lavorativi, tanto che nel 1982 viene costruita una nuova sede.\u00a0Oggi, gestita con successo dal figlio Giorgio, la sede della Silpar si estende su un&#8217;area di circa 1.800 metri quadrati.<\/p>\n<h3>\n\tSociet\u00e0 di Rete\n\t<\/h3>\n\t<p>Silpar, consolidando l&#8217;attivit\u00e0 e ampliando il raggio d&#8217;azione anche al settore della pelletteria, \u00e8 riuscita fin da subito anche a conquistare la fiducia dei pi\u00f9 grandi marchi della moda mondiale.<\/p>\n\t\t\t\t\t\t\t<img decoding=\"async\" loading=\"lazy\" src=\"https:\/\/silpar.com\/wp-content\/uploads\/2022\/07\/societa-di-rete_2.jpg\" alt=\"societa-di-rete_2\" itemprop=\"image\" height=\"800\" width=\"1200\" title=\"societa-di-rete_2\" onerror=\"this.style.display='none'\"  sizes=\"auto, (max-width: 768px) 100vw, 100vw\" srcset=\"data:image\/svg+xml;utf8,&lt;svg%20xmlns=&quot;http:\/\/www.w3.org\/2000\/svg&quot;%20viewBox=&quot;0%200%201200%20800&quot;%20height=&quot;800px&quot;%20width=&quot;1200px&quot;\/&gt;\" data-srcset=\"https:\/\/i0.wp.com\/www.silpar.com\/wp-content\/uploads\/2022\/07\/societa-di-rete_2.jpg?w=1200&amp;ssl=1 1200w, https:\/\/i0.wp.com\/www.silpar.com\/wp-content\/uploads\/2022\/07\/societa-di-rete_2.jpg?resize=300%2C200&amp;ssl=1 300w, https:\/\/i0.wp.com\/www.silpar.com\/wp-content\/uploads\/2022\/07\/societa-di-rete_2.jpg?resize=1024%2C683&amp;ssl=1 1024w, https:\/\/i0.wp.com\/www.silpar.com\/wp-content\/uploads\/2022\/07\/societa-di-rete_2.jpg?resize=630%2C420&amp;ssl=1 630w, https:\/\/i0.wp.com\/www.silpar.com\/wp-content\/uploads\/2022\/07\/societa-di-rete_2.jpg?resize=420%2C280&amp;ssl=1 420w, https:\/\/i0.wp.com\/www.silpar.com\/wp-content\/uploads\/2022\/07\/societa-di-rete_2.jpg?resize=840%2C560&amp;ssl=1 840w, https:\/\/i0.wp.com\/www.silpar.com\/wp-content\/uploads\/2022\/07\/societa-di-rete_2.jpg?resize=315%2C210&amp;ssl=1 315w\" \/>\t\t\t\t\t\t\t\n<h3>\n\tLa Produzione Oggi\n\t<\/h3>\n\t<p>Con un mercato prettamente estero, pi\u00f9 di 60 punti vendita e rivenditori in tutto il mondo e con un catalogo che vanta pi\u00f9 di 50 modelli diversi di macchine, Silpar copre la quasi totalit\u00e0 dell&#8217;esigenze produttive nel campo della calzatura e della pelletteria.<\/p>\n\t\t\t\t\t\t\t<img decoding=\"async\" loading=\"lazy\" src=\"https:\/\/silpar.com\/wp-content\/uploads\/2022\/07\/produzione_oggi_2.jpg\" alt=\"produzione_oggi_2\" itemprop=\"image\" height=\"800\" width=\"1200\" title=\"produzione_oggi_2\" onerror=\"this.style.display='none'\"  sizes=\"auto, (max-width: 768px) 100vw, 100vw\" srcset=\"data:image\/svg+xml;utf8,&lt;svg%20xmlns=&quot;http:\/\/www.w3.org\/2000\/svg&quot;%20viewBox=&quot;0%200%201200%20800&quot;%20height=&quot;800px&quot;%20width=&quot;1200px&quot;\/&gt;\" data-srcset=\"https:\/\/i0.wp.com\/www.silpar.com\/wp-content\/uploads\/2022\/07\/produzione_oggi_2.jpg?w=1200&amp;ssl=1 1200w, https:\/\/i0.wp.com\/www.silpar.com\/wp-content\/uploads\/2022\/07\/produzione_oggi_2.jpg?resize=300%2C200&amp;ssl=1 300w, https:\/\/i0.wp.com\/www.silpar.com\/wp-content\/uploads\/2022\/07\/produzione_oggi_2.jpg?resize=1024%2C683&amp;ssl=1 1024w, https:\/\/i0.wp.com\/www.silpar.com\/wp-content\/uploads\/2022\/07\/produzione_oggi_2.jpg?resize=630%2C420&amp;ssl=1 630w, https:\/\/i0.wp.com\/www.silpar.com\/wp-content\/uploads\/2022\/07\/produzione_oggi_2.jpg?resize=420%2C280&amp;ssl=1 420w, https:\/\/i0.wp.com\/www.silpar.com\/wp-content\/uploads\/2022\/07\/produzione_oggi_2.jpg?resize=840%2C560&amp;ssl=1 840w, https:\/\/i0.wp.com\/www.silpar.com\/wp-content\/uploads\/2022\/07\/produzione_oggi_2.jpg?resize=315%2C210&amp;ssl=1 315w\" \/>\t\t\t\t\t\t\t\n\n<\/div><!-- .vgblk-rw-wrapper -->","protected":false},"excerpt":{"rendered":"<p>L&#8217;Inizio E&#8217; nel secondo dopoguerra che ha inizio, in Vigevano, l&#8217;attivit\u00e0 dell&#8217;azienda produttrice di macchine per l&#8217;industria calzaturiera SILPAR. Nascono cos\u00ec le prime fresatrici per la lavorazione delle scarpe. Il Contesto Storico Il mercato calzaturiero, in particolare quello nazionale, diventa sempre pi\u00f9 esigente, tanto che l&#8217;industria calzaturiera inizia a sentire la necessit\u00e0 di macchine con&#8230;<\/p>\n","protected":false},"author":1,"featured_media":0,"parent":0,"menu_order":0,"comment_status":"closed","ping_status":"closed","template":"","meta":{"inline_featured_image":false,"footnotes":""},"class_list":["post-16979","page","type-page","status-publish","hentry"],"aioseo_notices":[],"jetpack_sharing_enabled":true,"_links":{"self":[{"href":"https:\/\/silpar.com\/it\/wp-json\/wp\/v2\/pages\/16979","targetHints":{"allow":["GET"]}}],"collection":[{"href":"https:\/\/silpar.com\/it\/wp-json\/wp\/v2\/pages"}],"about":[{"href":"https:\/\/silpar.com\/it\/wp-json\/wp\/v2\/types\/page"}],"author":[{"embeddable":true,"href":"https:\/\/silpar.com\/it\/wp-json\/wp\/v2\/users\/1"}],"replies":[{"embeddable":true,"href":"https:\/\/silpar.com\/it\/wp-json\/wp\/v2\/comments?post=16979"}],"version-history":[{"count":46,"href":"https:\/\/silpar.com\/it\/wp-json\/wp\/v2\/pages\/16979\/revisions"}],"predecessor-version":[{"id":24473,"href":"https:\/\/silpar.com\/it\/wp-json\/wp\/v2\/pages\/16979\/revisions\/24473"}],"wp:attachment":[{"href":"https:\/\/silpar.com\/it\/wp-json\/wp\/v2\/media?parent=16979"}],"curies":[{"name":"wp","href":"https:\/\/api.w.org\/{rel}","templated":true}]}}