{"id":11419,"date":"2016-12-05T16:29:56","date_gmt":"2016-12-05T15:29:56","guid":{"rendered":"https:\/\/nex.vamtam.com\/?page_id=11419"},"modified":"2023-03-17T14:44:50","modified_gmt":"2023-03-17T13:44:50","slug":"home-2-2","status":"publish","type":"page","link":"https:\/\/silpar.com\/it\/","title":{"rendered":"Home IT"},"content":{"rendered":"<div class=\"vgblk-rw-wrapper limit-wrapper\">\n<h3>\n\t\t\t<a href=\"https:\/\/silpar.com\/it\/macchine-per-calzaturifici-e-suolifici\/\" title=\"Macchine per Calzaturifici e Suolifici\" target=\"_self\" rel=\"noopener\">\n\tMacchine per Calzaturifici e Suolifici\n\t\t\t<\/a>\n\t<\/h3>\n\t<p>Ottieni velocit\u00e0, flessibilit\u00e0 e controllo migliori per produrre calzature pi\u00f9 velocemente e con maggiore precisione.<\/p>\n<h3>\n\t\t\t<a href=\"https:\/\/silpar.com\/it\/macchine-per-pelletteria\/\" title=\"Macchine per Pelletteria\" target=\"_self\" rel=\"noopener\">\n\tMacchine per Pelletteria\n\t\t\t<\/a>\n\t<\/h3>\n\t<p>La velocit\u00e0 e la semplicit\u00e0 d&#8217;uso delle nostre macchine ci ha permesso di conquistare la fiducia dei pi\u00f9 grandi marchi della moda mondiale.<\/p>\n<h1>\n\tINDUSTRIA 4.0\n\t<\/h1>\n<h5>\n\tAZIENDA\n\t<\/h5>\n\t<h2>Sognate in grande<br \/>\n<strong>lasciatevi ispirare<\/strong><\/h2>\n\t<p>Il nostro team di professionisti nel settore dell&#8217;industria meccano-calzaturiero, Vi offre le informazioni e i consigli necessari per il Vostro progetto.<\/p>\n<p>Giorgio Rossi<\/p>\n\t\t\t\t\t\t\t<img decoding=\"async\" src=\"https:\/\/silpar.com\/wp-content\/uploads\/2016\/12\/sign-dark.svg\" alt=\"sign-dark\" itemprop=\"image\" title=\"sign-dark\" onerror=\"this.style.display='none'\" \/>\t\t\t\t\t\t\t\n\t<a href=\"https:\/\/silpar.com\/it\/azienda\/\" target=\"_self\" role=\"button\" rel=\"noopener\">\n\t\t\t\t\tScopri di Pi\u00f9\n\t<\/a>\n\t<h2>Soluzioni<br \/>\n<strong>Tecnologiche<\/strong><\/h2>\n\t<p><strong>Silpar<\/strong> azienda produttrice di <strong>macchine per l&#8217;industria calzaturiera e della pelletteria<\/strong>, offre soluzioni personalizzate e tecnologiche.<\/p>\n\t\u25ce\u00a0 \u00a0\u00a0Personalizzazione dei macchinari<br \/>\n\u25ce\u00a0 \u00a0 Sicurezza operativa garantita<br \/>\n\u25ce \u00a0 \u00a0Produttivit\u00e0 a livello mondiale<br \/>\n\u25ce \u00a0 \u00a0Costi trasparenti\n\t<a href=\"https:\/\/silpar.com\/it\/contattaci\/\" target=\"_self\" role=\"button\" rel=\"noopener\">\n\t\t\t\t\tRichiedi un Preventivo\n\t<\/a>\n<h5>\n\tAPERTI A NUOVE SFIDE\n\t<\/h5>\n\t<h2>Cresciamo<br \/>\n<strong>insieme<\/strong><\/h2>\n\t<p>Siamo sempre pronti ad affrontare nuovi progetti per soddisfare un mercato sempre pi\u00f9 esigente!<\/p>\n\t<a href=\"https:\/\/silpar.com\/it\/contattaci\/\" target=\"_self\" role=\"button\" rel=\"noopener\">\n\t\t\t\t\tContattaci Qui\n\t<\/a>\n<h2>\n\tNews &amp; Eventi\n\t<\/h2>\n\n<\/div><!-- .vgblk-rw-wrapper -->","protected":false},"excerpt":{"rendered":"<p>Macchine per Calzaturifici e Suolifici Ottieni velocit\u00e0, flessibilit\u00e0 e controllo migliori per produrre calzature pi\u00f9 velocemente e con maggiore precisione. Macchine per Pelletteria La velocit\u00e0 e la semplicit\u00e0 d&#8217;uso delle nostre macchine ci ha permesso di conquistare la fiducia dei pi\u00f9 grandi marchi della moda mondiale. INDUSTRIA 4.0 AZIENDA Sognate in grande lasciatevi ispirare Il&#8230;<\/p>\n","protected":false},"author":1,"featured_media":0,"parent":0,"menu_order":0,"comment_status":"closed","ping_status":"closed","template":"","meta":{"inline_featured_image":false,"footnotes":""},"class_list":["post-11419","page","type-page","status-publish","hentry"],"aioseo_notices":[],"jetpack_sharing_enabled":true,"_links":{"self":[{"href":"https:\/\/silpar.com\/it\/wp-json\/wp\/v2\/pages\/11419","targetHints":{"allow":["GET"]}}],"collection":[{"href":"https:\/\/silpar.com\/it\/wp-json\/wp\/v2\/pages"}],"about":[{"href":"https:\/\/silpar.com\/it\/wp-json\/wp\/v2\/types\/page"}],"author":[{"embeddable":true,"href":"https:\/\/silpar.com\/it\/wp-json\/wp\/v2\/users\/1"}],"replies":[{"embeddable":true,"href":"https:\/\/silpar.com\/it\/wp-json\/wp\/v2\/comments?post=11419"}],"version-history":[{"count":66,"href":"https:\/\/silpar.com\/it\/wp-json\/wp\/v2\/pages\/11419\/revisions"}],"predecessor-version":[{"id":24963,"href":"https:\/\/silpar.com\/it\/wp-json\/wp\/v2\/pages\/11419\/revisions\/24963"}],"wp:attachment":[{"href":"https:\/\/silpar.com\/it\/wp-json\/wp\/v2\/media?parent=11419"}],"curies":[{"name":"wp","href":"https:\/\/api.w.org\/{rel}","templated":true}]}}