{"id":22916,"date":"2019-01-08T10:54:25","date_gmt":"2019-01-08T09:54:25","guid":{"rendered":"https:\/\/silpar.com\/privacy-policy-3\/"},"modified":"2020-12-17T09:42:38","modified_gmt":"2020-12-17T08:42:38","slug":"social-media-policy","status":"publish","type":"page","link":"https:\/\/silpar.com\/en\/social-media-policy\/","title":{"rendered":"Social Media Policy"},"content":{"rendered":"<div class=\"vgblk-rw-wrapper limit-wrapper\">\n\n\tSILPAR s.a.s. di Rossi Giorgio e C. in qualit\u00e0 di Titolare del trattamento dei Suoi dati personali, La rimanda alla presente Social Media Policy.<br \/>\nIn relazione ai suddetti trattamenti il Titolare fornisce, tra l&#8217;altro, le seguenti informazioni.<br \/>\nLa presente Social Media Policy (&#8220;Social Media Policy&#8221;) deve intendersi quale allegato ai documenti Privacy Policy &amp; Cookie Policy consultabili, in documenti separati all&#8217;indirizzo internet https:\/\/silpar.com\/.<br \/>\nDetta Social Media Policy ha come finalit\u00e0 quella di descrivere le norme di condotta che gli utenti dovrebbero rispettare nell&#8217;utilizzo del sito web e negli spazi attivati da SILPAR s.a.s. sulle piattaforme tecnologiche sociali.\n<p>&nbsp;<\/p>\n\n<p>SILPAR s.a.s. utilizza il sito web e le piattaforme tecnologiche sociali di seguito (&#8220;Social Media&#8221;) con finalit\u00e0 di interesse generale per comunicare con gli utenti attraverso la rete, dare accesso a servizi erogati e promuovere le proprie attivit\u00e0. Le pagine\/canali sociali sono inoltre utilizzate dal Titolare per favorire la partecipazione, il confronto, il dialogo con gli utenti in un&#8217;ottica di trasparenza e di condivisione.<\/p>\n<p>&nbsp;<\/p>\n\nIl sito di SILPAR s.a.s. offre e offrir\u00e0 porte di accesso ai vari Social Media quali Facebook la cui informativa \u00e8 consultabile al link https:\/\/www.facebook.com\/policy.php &#8211; YouTube la cui informativa \u00e8 consultabile al link https:\/\/www.youtube.com\/account_privacy &#8211; detti servizi, forniscono aree di commento, bacheche e forum pubblici. I contenuti vengono pubblicati dagli utenti e possono comprendere: comunicazioni sulle attivit\u00e0 e servizi erogati dalla Titolare, informazioni relative a progetti in corso d&#8217;opera, iniziative sociali, immagini, e video relativi ad eventi organizzati dalla Titolare stessa. Sulle varie pagine\/canali di dette piattaforme sono attivati servizi di risposta a richieste di informazioni e di assistenza. Vengono inoltre raccolti commenti, domande, critiche e suggerimenti poste dagli utenti.<br \/>\nUtilizzando i Social Media l&#8217;utente accetta il fatto che i dati pubblicati (comprendenti testo, immagini, video) siano visibili liberamente da tutti e, pertanto, la Titolare non pu\u00f2 garantire la &#8220;Privacy&#8221; degli stessi.\n<p>&nbsp;<\/p>\n\n<p>L&#8217;obiettivo dei servizi di Social Media proposto dal Titolare, oltre a rendersi presente come altro canale di comunicazione sulla rete, \u00e8 rispondere alle richieste pervenute pubblicamente sulle pagine\/canali, inoltrarle alle strutture competenti della stessa per poter rispondere in maniera pertinente. I tempi di risposta possono variare a seconda della tipologia di richiesta.<\/p>\n<p>&nbsp;<\/p>\n\nSi avverte l&#8217;utente di valutare con la necessaria attenzione l&#8217;opportunit\u00e0, nei propri interventi, di inserire o meno dati personali, (compreso l&#8217;indirizzo di posta elettronica, il numero di telefono cellulare), che possano rivelarne, anche indirettamente, l&#8217;identit\u00e0. Lo stesso accorgimento vale soprattutto per dati considerati particolari e vulnerabili. E&#8217; necessario inoltre, valutare l&#8217;opportunit\u00e0 di pubblicare materiale audio, fotografico e videografico che consentano di identificare le persone senza aver chiesto loro il consenso al trattamento di detti dati.<br \/>\nBisogna inoltre prestare attenzione alla possibilit\u00e0 di inserire nei propri interventi dati che possano rivelare, anche indirettamente l&#8217;identit\u00e0 di terzi. Si avverte che i dati e gli interventi sui possono essere visibili e consultabili pubblicamente da qualsiasi utente della rete che acceda al sito o dai Social Media, indicizzati e reperibili anche dai motori di ricerca generali (Google, Yahoo ecc.).\n<p>&nbsp;<\/p>\n\nLe varie pagine di SILPAR s.a.s. presenti sui vari Social Media, possono essere seguite liberamente da tutti gli utenti della rete, senza chiedere nessuna autorizzazione al Titolare; per questo motivo SILPAR s.a.s. consiglia di esercitare cautela circa la diffusione di dati personali quando si utilizzano dette piattaforme. I termini di utilizzo e le politiche sulla Privacy applicabili a ciascun Social Medium sono pubblicate sui rispettivi siti e regolano le informazioni fornite dall&#8217;utente. Il Titolare non esegue alcuna forma di controllo sull&#8217;utilizzo di informazioni personali comunicate in un forum pubblico, un&#8217;area di commento, rendendo l&#8217;utilizzatore della piattaforma l&#8217;unico responsabile di qualsiasi divulgazione. Il Titolare si augura che tutti i partecipanti alla vita sociale esprimano le proprie opinioni con correttezza e misura; per questo motivo non saranno tollerati insulti e volgarit\u00e0.<br \/>\nSILPAR s.a.s. si riserva di segnalare ai gestori dei Social Media turpiloqui, insulti, minacce e atteggiamenti che possono richiamare la violenza.\n<p>&nbsp;<\/p>\n\nSi ricorda che il trattamento dei dati personali degli utenti risponder\u00e0 alle policy in uso sulle piattaforme utilizzate. La Privacy nei Social Media \u00e8 garantita nella misura in cui l&#8217;utente \u00e8 a conoscenza di come sta utilizzando la piattaforma, il servizio e le sue potenzialit\u00e0. Ne consegue che le informazioni generate saranno in realt\u00e0 condivise &#8220;volontariamente&#8221; dagli utenti che pertanto, non potranno lamentare alcuna possibile violazione della propria sfera personale. L&#8217;articolo 21 della Costituzione Italiana tutela la libert\u00e0 di manifestazione del pensiero, ponendo in essere alcuni limiti. Tra questi, poco rispettato, \u00e8 quello relativo alla reputazione altrui. Quando viene espresso un giudizio a carico di un utente, infatti, \u00e8 utile ricordare che nell&#8217;utilizzo di espressioni &#8220;troppo forti o colorite&#8221; l&#8217;autore potrebbe essere chiamato a rispondere del reato di diffamazione. Tutti hanno il diritto di intervenire ed esprimere la propria libera opinione.<br \/>\nI dati personali eventualmente pubblicati dagli utenti sono trattati da SILPAR s.a.s. nel rispetto della normativa di cui al Regolamento (UE) 2016\/679 e di quanto disposto (con particolare accenno a riguardo alle finalit\u00e0 e modalit\u00e0 di trattamento del dato) nella Privacy Policy &amp; Cookie Policy pubblicate sul sito web di SILPAR s.a.s. e che l&#8217;utente \u00e8 tenuto a visionare prima della Social Media Policy.<br \/>\nI dati personali inoltre vengono pubblicati spontaneamente dagli utenti e il trattamento degli stessi da parte del Titolare sono effettuati unicamente per svolgere detti servizi.<br \/>\nIl Titolare del Trattamento \u00e8 la societ\u00e0 SILPAR s.a.s. di Rossi Giorgio e C. &#8211; Viale Commercio, 300 &#8211; 27029 Vigevano (PV) &#8211; P.IVA 01140580182 &#8211; e-mail silpar@silpar.com ed ulteriori informazioni in ordine al trattamento ed alla comunicazione di dati previsti direttamente o altrimenti acquisiti potranno essere richieste direttamente al Titolare del Trattamento. Il presente avviso naturalmente non esclude che altre informazioni siano conferite anche oralmente.\n\n<\/div><!-- .vgblk-rw-wrapper -->","protected":false},"excerpt":{"rendered":"<p>SILPAR s.a.s. di Rossi Giorgio e C. in qualit\u00e0 di Titolare del trattamento dei Suoi dati personali, La rimanda alla presente Social Media Policy. In relazione ai suddetti trattamenti il Titolare fornisce, tra l&#8217;altro, le seguenti informazioni. La presente Social Media Policy (&#8220;Social Media Policy&#8221;) deve intendersi quale allegato ai documenti Privacy Policy &amp; Cookie&#8230;<\/p>\n","protected":false},"author":1,"featured_media":0,"parent":0,"menu_order":0,"comment_status":"closed","ping_status":"open","template":"","meta":{"inline_featured_image":false,"footnotes":""},"class_list":["post-22916","page","type-page","status-publish","hentry"],"aioseo_notices":[],"jetpack_sharing_enabled":true,"_links":{"self":[{"href":"https:\/\/silpar.com\/en\/wp-json\/wp\/v2\/pages\/22916","targetHints":{"allow":["GET"]}}],"collection":[{"href":"https:\/\/silpar.com\/en\/wp-json\/wp\/v2\/pages"}],"about":[{"href":"https:\/\/silpar.com\/en\/wp-json\/wp\/v2\/types\/page"}],"author":[{"embeddable":true,"href":"https:\/\/silpar.com\/en\/wp-json\/wp\/v2\/users\/1"}],"replies":[{"embeddable":true,"href":"https:\/\/silpar.com\/en\/wp-json\/wp\/v2\/comments?post=22916"}],"version-history":[{"count":2,"href":"https:\/\/silpar.com\/en\/wp-json\/wp\/v2\/pages\/22916\/revisions"}],"predecessor-version":[{"id":22923,"href":"https:\/\/silpar.com\/en\/wp-json\/wp\/v2\/pages\/22916\/revisions\/22923"}],"wp:attachment":[{"href":"https:\/\/silpar.com\/en\/wp-json\/wp\/v2\/media?parent=22916"}],"curies":[{"name":"wp","href":"https:\/\/api.w.org\/{rel}","templated":true}]}}