{"id":19019,"date":"2019-03-25T11:28:08","date_gmt":"2019-03-25T10:28:08","guid":{"rendered":"https:\/\/silpar.com\/machines-for-leather-goods\/painting-edges\/"},"modified":"2019-03-25T11:29:10","modified_gmt":"2019-03-25T10:29:10","slug":"painting-edges","status":"publish","type":"page","link":"https:\/\/silpar.com\/en\/machines-for-leather-goods\/painting-edges\/","title":{"rendered":"Painting Edges"},"content":{"rendered":"<div class=\"vgblk-rw-wrapper limit-wrapper\"><h5>\n\tPAINTING EDGES\n\t<\/h5>\n<h2>\n\tOur<br><b>products<\/b><\/br>\n\t<\/h2>\n<section id=\"5c98ad766c937\">\n\t\t\t\t<a href=\"https:\/\/silpar.com\/en\/portfolio\/adamastor-2\/\" target=\"_self\" rel=\"noopener noreferrer\">\n\t\t\t\t\t\t\t\tADAMASTOR\t\t\t\t\t\t\t\n\t\t\t\t\t\t\t\t\t\t\t\t\t\t\t\t\t\t\tPainting System for Edges\n\t\t\t\t<\/a>\n\t\t\t\t<a href=\"https:\/\/silpar.com\/en\/portfolio\/adamastor-2\/\">Read more &rarr;<\/a>\n\t\t\t\t\t\t\t\t\t<a href=\"https:\/\/silpar.com\/en\/portfolio\/adamastor-2\/\" target=\"_self\" rel=\"noopener noreferrer\">\n\t\t\t\t\t\t\t<img loading=\"lazy\" decoding=\"async\" width=\"315\" height=\"242\" src=\"https:\/\/silpar.com\/wp-content\/uploads\/2019\/02\/ADAMASTOR-315x242.jpg\" alt=\"\" srcset=\"data:image\/svg+xml;utf8,&lt;svg%20xmlns=&quot;http:\/\/www.w3.org\/2000\/svg&quot;%20viewBox=&quot;0%200%20315%20242&quot;%20height=&quot;242px&quot;%20width=&quot;315px&quot;\/&gt;\" data-srcset=\"https:\/\/silpar.com\/wp-content\/uploads\/2019\/02\/ADAMASTOR-315x242.jpg 315w, https:\/\/silpar.com\/wp-content\/uploads\/2019\/02\/ADAMASTOR-630x484.jpg 630w, https:\/\/silpar.com\/wp-content\/uploads\/2019\/02\/ADAMASTOR-420x323.jpg 420w, https:\/\/silpar.com\/wp-content\/uploads\/2019\/02\/ADAMASTOR-840x646.jpg 840w\" sizes=\"auto, (min-width: 900px) 50vw, 100vw\" data-attachment-id=\"17652\" data-permalink=\"https:\/\/silpar.com\/en\/portfolio\/adamastor\/adamastor-2\/\" data-orig-file=\"https:\/\/silpar.com\/wp-content\/uploads\/2019\/02\/ADAMASTOR.jpg\" data-orig-size=\"1200,800\" data-comments-opened=\"0\" data-image-meta=\"{&quot;aperture&quot;:&quot;0&quot;,&quot;credit&quot;:&quot;&quot;,&quot;camera&quot;:&quot;&quot;,&quot;caption&quot;:&quot;&quot;,&quot;created_timestamp&quot;:&quot;0&quot;,&quot;copyright&quot;:&quot;Michele Baldi&quot;,&quot;focal_length&quot;:&quot;0&quot;,&quot;iso&quot;:&quot;0&quot;,&quot;shutter_speed&quot;:&quot;0&quot;,&quot;title&quot;:&quot;&quot;,&quot;orientation&quot;:&quot;0&quot;}\" data-image-title=\"ADAMASTOR\" data-image-description=\"\" data-medium-file=\"https:\/\/silpar.com\/wp-content\/uploads\/2019\/02\/ADAMASTOR-300x200.jpg\" data-large-file=\"https:\/\/silpar.com\/wp-content\/uploads\/2019\/02\/ADAMASTOR-1024x683.jpg\" \/>\t\t\t\t\t\t<\/a>\n\t\t\t\t<a href=\"\/?p=18936\" target=\"_self\" rel=\"noopener noreferrer\">\n\t\t\t\t\t\t\t\tCST 1\t\t\t\t\t\t\t\n\t\t\t\t\t\t\t\t\t\t\t\t\t\t\t\t\t\t\tStation of Painting with Aspiration\n\t\t\t\t<\/a>\n\t\t\t\t<a href=\"\/?p=18936\">Read more &rarr;<\/a>\n\t\t\t\t\t\t\t\t\t<a href=\"\/?p=18936\" target=\"_self\" rel=\"noopener noreferrer\">\n\t\t\t\t\t\t\t<img loading=\"lazy\" decoding=\"async\" width=\"315\" height=\"242\" src=\"https:\/\/silpar.com\/wp-content\/uploads\/2019\/02\/CST-1-315x242.jpg\" alt=\"\" srcset=\"data:image\/svg+xml;utf8,&lt;svg%20xmlns=&quot;http:\/\/www.w3.org\/2000\/svg&quot;%20viewBox=&quot;0%200%20315%20242&quot;%20height=&quot;242px&quot;%20width=&quot;315px&quot;\/&gt;\" data-srcset=\"https:\/\/silpar.com\/wp-content\/uploads\/2019\/02\/CST-1-315x242.jpg 315w, https:\/\/silpar.com\/wp-content\/uploads\/2019\/02\/CST-1-630x484.jpg 630w, https:\/\/silpar.com\/wp-content\/uploads\/2019\/02\/CST-1-420x323.jpg 420w, https:\/\/silpar.com\/wp-content\/uploads\/2019\/02\/CST-1-840x646.jpg 840w\" sizes=\"auto, (min-width: 900px) 50vw, 100vw\" data-attachment-id=\"17646\" data-permalink=\"https:\/\/silpar.com\/en\/portfolio\/cst-1\/cst-1-2\/\" data-orig-file=\"https:\/\/silpar.com\/wp-content\/uploads\/2019\/02\/CST-1.jpg\" data-orig-size=\"1200,800\" data-comments-opened=\"0\" data-image-meta=\"{&quot;aperture&quot;:&quot;0&quot;,&quot;credit&quot;:&quot;&quot;,&quot;camera&quot;:&quot;&quot;,&quot;caption&quot;:&quot;&quot;,&quot;created_timestamp&quot;:&quot;0&quot;,&quot;copyright&quot;:&quot;Michele B.&quot;,&quot;focal_length&quot;:&quot;0&quot;,&quot;iso&quot;:&quot;0&quot;,&quot;shutter_speed&quot;:&quot;0&quot;,&quot;title&quot;:&quot;&quot;,&quot;orientation&quot;:&quot;0&quot;}\" data-image-title=\"CST 1\" data-image-description=\"\" data-medium-file=\"https:\/\/silpar.com\/wp-content\/uploads\/2019\/02\/CST-1-300x200.jpg\" data-large-file=\"https:\/\/silpar.com\/wp-content\/uploads\/2019\/02\/CST-1-1024x683.jpg\" \/>\t\t\t\t\t\t<\/a>\n\t\t\t\t<a href=\"\/?p=18928\" target=\"_self\" rel=\"noopener noreferrer\">\n\t\t\t\t\t\t\t\tFRB 1600\t\t\t\t\t\t\t\n\t\t\t\t\t\t\t\t\t\t\t\t\t\t\t\t\t\t\tTable for the Coloration\n\t\t\t\t<\/a>\n\t\t\t\t<a href=\"\/?p=18928\">Read more &rarr;<\/a>\n\t\t\t\t\t\t\t\t\t<a href=\"\/?p=18928\" target=\"_self\" rel=\"noopener noreferrer\">\n\t\t\t\t\t\t\t<img loading=\"lazy\" decoding=\"async\" width=\"315\" height=\"242\" src=\"https:\/\/silpar.com\/wp-content\/uploads\/2019\/02\/FRB-1600-315x242.jpg\" alt=\"\" srcset=\"data:image\/svg+xml;utf8,&lt;svg%20xmlns=&quot;http:\/\/www.w3.org\/2000\/svg&quot;%20viewBox=&quot;0%200%20315%20242&quot;%20height=&quot;242px&quot;%20width=&quot;315px&quot;\/&gt;\" data-srcset=\"https:\/\/silpar.com\/wp-content\/uploads\/2019\/02\/FRB-1600-315x242.jpg 315w, https:\/\/silpar.com\/wp-content\/uploads\/2019\/02\/FRB-1600-630x484.jpg 630w, https:\/\/silpar.com\/wp-content\/uploads\/2019\/02\/FRB-1600-420x323.jpg 420w, https:\/\/silpar.com\/wp-content\/uploads\/2019\/02\/FRB-1600-840x646.jpg 840w\" sizes=\"auto, (min-width: 900px) 50vw, 100vw\" data-attachment-id=\"17639\" data-permalink=\"https:\/\/silpar.com\/en\/portfolio\/frb-1600\/frb-1600-2\/\" data-orig-file=\"https:\/\/silpar.com\/wp-content\/uploads\/2019\/02\/FRB-1600.jpg\" data-orig-size=\"1200,800\" data-comments-opened=\"0\" data-image-meta=\"{&quot;aperture&quot;:&quot;0&quot;,&quot;credit&quot;:&quot;&quot;,&quot;camera&quot;:&quot;&quot;,&quot;caption&quot;:&quot;&quot;,&quot;created_timestamp&quot;:&quot;0&quot;,&quot;copyright&quot;:&quot;&quot;,&quot;focal_length&quot;:&quot;0&quot;,&quot;iso&quot;:&quot;0&quot;,&quot;shutter_speed&quot;:&quot;0&quot;,&quot;title&quot;:&quot;&quot;,&quot;orientation&quot;:&quot;0&quot;}\" data-image-title=\"FRB 1600\" data-image-description=\"\" data-medium-file=\"https:\/\/silpar.com\/wp-content\/uploads\/2019\/02\/FRB-1600-300x200.jpg\" data-large-file=\"https:\/\/silpar.com\/wp-content\/uploads\/2019\/02\/FRB-1600-1024x683.jpg\" \/>\t\t\t\t\t\t<\/a>\n\t\t\t\t<a href=\"https:\/\/silpar.com\/en\/portfolio\/miro-miro-xl-2\/\" target=\"_self\" rel=\"noopener noreferrer\">\n\t\t\t\t\t\t\t\tMIR\u00d2 &#8211; MIR\u00d2 XL\t\t\t\t\t\t\t\n\t\t\t\t\t\t\t\t\t\t\t\t\t\t\t\t\t\t\tStation of Painting\n\t\t\t\t<\/a>\n\t\t\t\t<a href=\"https:\/\/silpar.com\/en\/portfolio\/miro-miro-xl-2\/\">Read more &rarr;<\/a>\n\t\t\t\t\t\t\t\t\t<a href=\"https:\/\/silpar.com\/en\/portfolio\/miro-miro-xl-2\/\" target=\"_self\" rel=\"noopener noreferrer\">\n\t\t\t\t\t\t\t<img loading=\"lazy\" decoding=\"async\" width=\"315\" height=\"242\" src=\"https:\/\/silpar.com\/wp-content\/uploads\/2019\/02\/Miro-315x242.jpg\" alt=\"\" srcset=\"data:image\/svg+xml;utf8,&lt;svg%20xmlns=&quot;http:\/\/www.w3.org\/2000\/svg&quot;%20viewBox=&quot;0%200%20315%20242&quot;%20height=&quot;242px&quot;%20width=&quot;315px&quot;\/&gt;\" data-srcset=\"https:\/\/silpar.com\/wp-content\/uploads\/2019\/02\/Miro-315x242.jpg 315w, https:\/\/silpar.com\/wp-content\/uploads\/2019\/02\/Miro-630x484.jpg 630w, https:\/\/silpar.com\/wp-content\/uploads\/2019\/02\/Miro-420x323.jpg 420w, https:\/\/silpar.com\/wp-content\/uploads\/2019\/02\/Miro-840x646.jpg 840w\" sizes=\"auto, (min-width: 900px) 50vw, 100vw\" data-attachment-id=\"17633\" data-permalink=\"https:\/\/silpar.com\/en\/portfolio\/miro-miro-xl\/miro-2\/\" data-orig-file=\"https:\/\/silpar.com\/wp-content\/uploads\/2019\/02\/Miro.jpg\" data-orig-size=\"1200,800\" data-comments-opened=\"0\" data-image-meta=\"{&quot;aperture&quot;:&quot;0&quot;,&quot;credit&quot;:&quot;&quot;,&quot;camera&quot;:&quot;&quot;,&quot;caption&quot;:&quot;&quot;,&quot;created_timestamp&quot;:&quot;0&quot;,&quot;copyright&quot;:&quot;&quot;,&quot;focal_length&quot;:&quot;0&quot;,&quot;iso&quot;:&quot;0&quot;,&quot;shutter_speed&quot;:&quot;0&quot;,&quot;title&quot;:&quot;&quot;,&quot;orientation&quot;:&quot;0&quot;}\" data-image-title=\"Mir\u00f2 &#8211; Mir\u00f2 XL\" data-image-description=\"\" data-medium-file=\"https:\/\/silpar.com\/wp-content\/uploads\/2019\/02\/Miro-300x200.jpg\" data-large-file=\"https:\/\/silpar.com\/wp-content\/uploads\/2019\/02\/Miro-1024x683.jpg\" \/>\t\t\t\t\t\t<\/a>\n\t\t\t\t<a href=\"https:\/\/silpar.com\/en\/portfolio\/miro-xl-c-g-2\/\" target=\"_self\" rel=\"noopener noreferrer\">\n\t\t\t\t\t\t\t\tMIR\u00d2 XL\/C-G\t\t\t\t\t\t\t\n\t\t\t\t\t\t\t\t\t\t\t\t\t\t\t\t\t\t\tPainting and Bonding Station with Aspirator\n\t\t\t\t<\/a>\n\t\t\t\t<a href=\"https:\/\/silpar.com\/en\/portfolio\/miro-xl-c-g-2\/\">Read more &rarr;<\/a>\n\t\t\t\t\t\t\t\t\t<a href=\"https:\/\/silpar.com\/en\/portfolio\/miro-xl-c-g-2\/\" target=\"_self\" rel=\"noopener noreferrer\">\n\t\t\t\t\t\t\t<img loading=\"lazy\" decoding=\"async\" width=\"315\" height=\"242\" src=\"https:\/\/silpar.com\/wp-content\/uploads\/2019\/02\/MiroXLC-315x242.jpg\" alt=\"\" srcset=\"data:image\/svg+xml;utf8,&lt;svg%20xmlns=&quot;http:\/\/www.w3.org\/2000\/svg&quot;%20viewBox=&quot;0%200%20315%20242&quot;%20height=&quot;242px&quot;%20width=&quot;315px&quot;\/&gt;\" data-srcset=\"https:\/\/silpar.com\/wp-content\/uploads\/2019\/02\/MiroXLC-315x242.jpg 315w, https:\/\/silpar.com\/wp-content\/uploads\/2019\/02\/MiroXLC-630x484.jpg 630w, https:\/\/silpar.com\/wp-content\/uploads\/2019\/02\/MiroXLC-420x323.jpg 420w, https:\/\/silpar.com\/wp-content\/uploads\/2019\/02\/MiroXLC-840x646.jpg 840w\" sizes=\"auto, (min-width: 900px) 50vw, 100vw\" data-attachment-id=\"17627\" data-permalink=\"https:\/\/silpar.com\/en\/portfolio\/miro-xl-c-g\/miroxlc-2\/\" data-orig-file=\"https:\/\/silpar.com\/wp-content\/uploads\/2019\/02\/MiroXLC.jpg\" data-orig-size=\"1200,800\" data-comments-opened=\"0\" data-image-meta=\"{&quot;aperture&quot;:&quot;0&quot;,&quot;credit&quot;:&quot;&quot;,&quot;camera&quot;:&quot;&quot;,&quot;caption&quot;:&quot;&quot;,&quot;created_timestamp&quot;:&quot;0&quot;,&quot;copyright&quot;:&quot;&quot;,&quot;focal_length&quot;:&quot;0&quot;,&quot;iso&quot;:&quot;0&quot;,&quot;shutter_speed&quot;:&quot;0&quot;,&quot;title&quot;:&quot;&quot;,&quot;orientation&quot;:&quot;0&quot;}\" data-image-title=\"Mir\u00f2 XL\/C-G\" data-image-description=\"\" data-medium-file=\"https:\/\/silpar.com\/wp-content\/uploads\/2019\/02\/MiroXLC-300x200.jpg\" data-large-file=\"https:\/\/silpar.com\/wp-content\/uploads\/2019\/02\/MiroXLC-1024x683.jpg\" \/>\t\t\t\t\t\t<\/a>\n\t\t\t\t<a href=\"https:\/\/silpar.com\/en\/portfolio\/slp-840-2\/\" target=\"_self\" rel=\"noopener noreferrer\">\n\t\t\t\t\t\t\t\tSLP 840\t\t\t\t\t\t\t\n\t\t\t\t\t\t\t\t\t\t\t\t\t\t\t\t\t\t\tTable for the Coloration\n\t\t\t\t<\/a>\n\t\t\t\t<a href=\"https:\/\/silpar.com\/en\/portfolio\/slp-840-2\/\">Read more &rarr;<\/a>\n\t\t\t\t\t\t\t\t\t<a href=\"https:\/\/silpar.com\/en\/portfolio\/slp-840-2\/\" target=\"_self\" rel=\"noopener noreferrer\">\n\t\t\t\t\t\t\t<img loading=\"lazy\" decoding=\"async\" width=\"315\" height=\"242\" src=\"https:\/\/silpar.com\/wp-content\/uploads\/2019\/02\/SLP840-315x242.jpg\" alt=\"\" srcset=\"data:image\/svg+xml;utf8,&lt;svg%20xmlns=&quot;http:\/\/www.w3.org\/2000\/svg&quot;%20viewBox=&quot;0%200%20315%20242&quot;%20height=&quot;242px&quot;%20width=&quot;315px&quot;\/&gt;\" data-srcset=\"https:\/\/silpar.com\/wp-content\/uploads\/2019\/02\/SLP840-315x242.jpg 315w, https:\/\/silpar.com\/wp-content\/uploads\/2019\/02\/SLP840-630x484.jpg 630w, https:\/\/silpar.com\/wp-content\/uploads\/2019\/02\/SLP840-420x323.jpg 420w, https:\/\/silpar.com\/wp-content\/uploads\/2019\/02\/SLP840-840x646.jpg 840w\" sizes=\"auto, (min-width: 900px) 50vw, 100vw\" data-attachment-id=\"17621\" data-permalink=\"https:\/\/silpar.com\/en\/portfolio\/slp-840\/slp840-2\/\" data-orig-file=\"https:\/\/silpar.com\/wp-content\/uploads\/2019\/02\/SLP840.jpg\" data-orig-size=\"1200,800\" data-comments-opened=\"0\" data-image-meta=\"{&quot;aperture&quot;:&quot;0&quot;,&quot;credit&quot;:&quot;&quot;,&quot;camera&quot;:&quot;&quot;,&quot;caption&quot;:&quot;&quot;,&quot;created_timestamp&quot;:&quot;0&quot;,&quot;copyright&quot;:&quot;&quot;,&quot;focal_length&quot;:&quot;0&quot;,&quot;iso&quot;:&quot;0&quot;,&quot;shutter_speed&quot;:&quot;0&quot;,&quot;title&quot;:&quot;&quot;,&quot;orientation&quot;:&quot;0&quot;}\" data-image-title=\"SLP 840\" data-image-description=\"\" data-medium-file=\"https:\/\/silpar.com\/wp-content\/uploads\/2019\/02\/SLP840-300x200.jpg\" data-large-file=\"https:\/\/silpar.com\/wp-content\/uploads\/2019\/02\/SLP840-1024x683.jpg\" \/>\t\t\t\t\t\t<\/a>\n\t\t\t\t<a href=\"https:\/\/silpar.com\/en\/portfolio\/tc-600-2\/\" target=\"_self\" rel=\"noopener noreferrer\">\n\t\t\t\t\t\t\t\tTC 600\t\t\t\t\t\t\t\n\t\t\t\t\t\t\t\t\t\t\t\t\t\t\t\t\t\t\tPainting Booth\n\t\t\t\t<\/a>\n\t\t\t\t<a href=\"https:\/\/silpar.com\/en\/portfolio\/tc-600-2\/\">Read more &rarr;<\/a>\n\t\t\t\t\t\t\t\t\t<a href=\"https:\/\/silpar.com\/en\/portfolio\/tc-600-2\/\" target=\"_self\" rel=\"noopener noreferrer\">\n\t\t\t\t\t\t\t<img loading=\"lazy\" decoding=\"async\" width=\"315\" height=\"242\" src=\"https:\/\/silpar.com\/wp-content\/uploads\/2019\/02\/TC600-315x242.jpg\" alt=\"\" srcset=\"data:image\/svg+xml;utf8,&lt;svg%20xmlns=&quot;http:\/\/www.w3.org\/2000\/svg&quot;%20viewBox=&quot;0%200%20315%20242&quot;%20height=&quot;242px&quot;%20width=&quot;315px&quot;\/&gt;\" data-srcset=\"https:\/\/silpar.com\/wp-content\/uploads\/2019\/02\/TC600-315x242.jpg 315w, https:\/\/silpar.com\/wp-content\/uploads\/2019\/02\/TC600-630x484.jpg 630w, https:\/\/silpar.com\/wp-content\/uploads\/2019\/02\/TC600-420x323.jpg 420w, https:\/\/silpar.com\/wp-content\/uploads\/2019\/02\/TC600-840x646.jpg 840w\" sizes=\"auto, (min-width: 900px) 50vw, 100vw\" data-attachment-id=\"17615\" data-permalink=\"https:\/\/silpar.com\/en\/portfolio\/tc-600\/tc600-2\/\" data-orig-file=\"https:\/\/silpar.com\/wp-content\/uploads\/2019\/02\/TC600.jpg\" data-orig-size=\"1200,800\" data-comments-opened=\"0\" data-image-meta=\"{&quot;aperture&quot;:&quot;0&quot;,&quot;credit&quot;:&quot;&quot;,&quot;camera&quot;:&quot;&quot;,&quot;caption&quot;:&quot;&quot;,&quot;created_timestamp&quot;:&quot;0&quot;,&quot;copyright&quot;:&quot;&quot;,&quot;focal_length&quot;:&quot;0&quot;,&quot;iso&quot;:&quot;0&quot;,&quot;shutter_speed&quot;:&quot;0&quot;,&quot;title&quot;:&quot;&quot;,&quot;orientation&quot;:&quot;0&quot;}\" data-image-title=\"TC 600\" data-image-description=\"\" data-medium-file=\"https:\/\/silpar.com\/wp-content\/uploads\/2019\/02\/TC600-300x200.jpg\" data-large-file=\"https:\/\/silpar.com\/wp-content\/uploads\/2019\/02\/TC600-1024x683.jpg\" \/>\t\t\t\t\t\t<\/a>\n\t<\/section>\n<\/div><!-- .vgblk-rw-wrapper -->","protected":false},"excerpt":{"rendered":"<p>PAINTING EDGES Ourproducts ADAMASTOR Painting System for Edges Read more &rarr; CST 1 Station of Painting with Aspiration Read more &rarr; FRB 1600 Table for the Coloration Read more &rarr; MIR\u00d2 &#8211; MIR\u00d2 XL Station of Painting Read more &rarr; MIR\u00d2 XL\/C-G Painting and Bonding Station with Aspirator Read more &rarr; SLP 840 Table for&#8230;<\/p>\n","protected":false},"author":1,"featured_media":0,"parent":18318,"menu_order":5,"comment_status":"closed","ping_status":"closed","template":"","meta":{"inline_featured_image":false,"footnotes":""},"class_list":["post-19019","page","type-page","status-publish","hentry"],"aioseo_notices":[],"jetpack_sharing_enabled":true,"_links":{"self":[{"href":"https:\/\/silpar.com\/en\/wp-json\/wp\/v2\/pages\/19019","targetHints":{"allow":["GET"]}}],"collection":[{"href":"https:\/\/silpar.com\/en\/wp-json\/wp\/v2\/pages"}],"about":[{"href":"https:\/\/silpar.com\/en\/wp-json\/wp\/v2\/types\/page"}],"author":[{"embeddable":true,"href":"https:\/\/silpar.com\/en\/wp-json\/wp\/v2\/users\/1"}],"replies":[{"embeddable":true,"href":"https:\/\/silpar.com\/en\/wp-json\/wp\/v2\/comments?post=19019"}],"version-history":[{"count":2,"href":"https:\/\/silpar.com\/en\/wp-json\/wp\/v2\/pages\/19019\/revisions"}],"predecessor-version":[{"id":19021,"href":"https:\/\/silpar.com\/en\/wp-json\/wp\/v2\/pages\/19019\/revisions\/19021"}],"up":[{"embeddable":true,"href":"https:\/\/silpar.com\/en\/wp-json\/wp\/v2\/pages\/18318"}],"wp:attachment":[{"href":"https:\/\/silpar.com\/en\/wp-json\/wp\/v2\/media?parent=19019"}],"curies":[{"name":"wp","href":"https:\/\/api.w.org\/{rel}","templated":true}]}}